{"id":2194,"date":"2021-09-28T17:54:20","date_gmt":"2021-09-28T15:54:20","guid":{"rendered":"https:\/\/www.ts-law.de\/career\/"},"modified":"2025-11-20T17:54:58","modified_gmt":"2025-11-20T16:54:58","slug":"career","status":"publish","type":"page","link":"https:\/\/www.ts-law.de\/en\/career\/","title":{"rendered":"Careers"},"content":{"rendered":"<div class=\"wpb-content-wrapper\"><p>[vc_row css_animation=&#8221;&#8221; row_type=&#8221;row&#8221; use_row_as_full_screen_section=&#8221;no&#8221; type=&#8221;grid&#8221; angled_section=&#8221;no&#8221; text_align=&#8221;left&#8221; background_image_as_pattern=&#8221;without_pattern&#8221; z_index=&#8221;&#8221; padding_top=&#8221;60&#8243; padding_bottom=&#8221;60&#8243; anchor=&#8221;karriere&#8221;][vc_column width=&#8221;3\/4&#8243;][vc_column_text]<\/p>\n<h1>Careers<\/h1>\n<p>[\/vc_column_text][vc_empty_space height=&#8221;40px&#8221;][vc_column_text css=&#8221;&#8221;]TSP Thei\u00dfen Stollhoff &amp; Partner mbB ist eine bundesweit bekannte Boutique im Bau- und Immobilienrecht. Unseren Rechtsanw\u00e4lt:innen und Mitarbeiter:innen steht ein modernes und professionelles Arbeitsumfeld zur Verf\u00fcgung. Wir sind in hochinteressanten Rechtsgebieten t\u00e4tig und verstehen uns als die Alternative zur Gro\u00dfkanzlei.<\/p>\n<p>Im Handelsblatt-Ranking 2025 wurde TSP Thei\u00dfen Stollhoff &amp; Partner mbB unter mehr als 300 untersuchten Kanzleien als \u201e<strong>Beste Arbeitgeber Rechtsanw\u00e4lte 2025<\/strong>\u201c ausgezeichnet. Bewertet wurden u. a. die Kategorien Arbeitsumfeld\/Digitalisierung, Karrieref\u00f6rderung, Familienfreundlichkeit sowie Unternehmens- und F\u00fchrungskultur.[\/vc_column_text][\/vc_column][vc_column width=&#8221;1\/4&#8243;][\/vc_column][\/vc_row][vc_row css_animation=&#8221;&#8221; row_type=&#8221;row&#8221; use_row_as_full_screen_section=&#8221;no&#8221; type=&#8221;grid&#8221; angled_section=&#8221;no&#8221; text_align=&#8221;left&#8221; background_image_as_pattern=&#8221;without_pattern&#8221; z_index=&#8221;&#8221; el_class=&#8221;karriere&#8221; el_id=&#8221;karriere&#8221; padding_bottom=&#8221;60&#8243;][vc_column][vc_raw_html]JTVCc21hcnRfcG9zdF9zaG93JTIwaWQlM0QlMjI4OTklMjIlNUQ=[\/vc_raw_html][\/vc_column][\/vc_row]<\/p>\n<\/div>","protected":false},"excerpt":{"rendered":"<p>[vc_row css_animation=&#8221;&#8221; row_type=&#8221;row&#8221; use_row_as_full_screen_section=&#8221;no&#8221; type=&#8221;grid&#8221; angled_section=&#8221;no&#8221; text_align=&#8221;left&#8221; background_image_as_pattern=&#8221;without_pattern&#8221; z_index=&#8221;&#8221; padding_top=&#8221;60&#8243; padding_bottom=&#8221;60&#8243; anchor=&#8221;karriere&#8221;][vc_column width=&#8221;3\/4&#8243;][vc_column_text] Careers [\/vc_column_text][vc_empty_space height=&#8221;40px&#8221;][vc_column_text css=&#8221;&#8221;]TSP Thei\u00dfen Stollhoff &amp; Partner mbB ist eine bundesweit bekannte Boutique im Bau- und Immobilienrecht. Unseren Rechtsanw\u00e4lt:innen und Mitarbeiter:innen steht ein modernes und professionelles Arbeitsumfeld zur Verf\u00fcgung. Wir sind&#8230;<\/p>\n","protected":false},"author":541,"featured_media":0,"parent":0,"menu_order":60,"comment_status":"closed","ping_status":"closed","template":"full_width.php","meta":{"_acf_changed":false,"footnotes":""},"categories":[],"class_list":["post-2194","page","type-page","status-publish","hentry"],"acf":[],"_links":{"self":[{"href":"https:\/\/www.ts-law.de\/en\/wp-json\/wp\/v2\/pages\/2194","targetHints":{"allow":["GET"]}}],"collection":[{"href":"https:\/\/www.ts-law.de\/en\/wp-json\/wp\/v2\/pages"}],"about":[{"href":"https:\/\/www.ts-law.de\/en\/wp-json\/wp\/v2\/types\/page"}],"author":[{"embeddable":true,"href":"https:\/\/www.ts-law.de\/en\/wp-json\/wp\/v2\/users\/541"}],"replies":[{"embeddable":true,"href":"https:\/\/www.ts-law.de\/en\/wp-json\/wp\/v2\/comments?post=2194"}],"version-history":[{"count":5,"href":"https:\/\/www.ts-law.de\/en\/wp-json\/wp\/v2\/pages\/2194\/revisions"}],"predecessor-version":[{"id":4493,"href":"https:\/\/www.ts-law.de\/en\/wp-json\/wp\/v2\/pages\/2194\/revisions\/4493"}],"wp:attachment":[{"href":"https:\/\/www.ts-law.de\/en\/wp-json\/wp\/v2\/media?parent=2194"}],"wp:term":[{"taxonomy":"category","embeddable":true,"href":"https:\/\/www.ts-law.de\/en\/wp-json\/wp\/v2\/categories?post=2194"}],"curies":[{"name":"wp","href":"https:\/\/api.w.org\/{rel}","templated":true}]}}