{"id":2209,"date":"2021-09-28T18:00:59","date_gmt":"2021-09-28T16:00:59","guid":{"rendered":"https:\/\/www.ts-law.de\/career\/referendare-m-w-d\/"},"modified":"2021-09-28T18:00:59","modified_gmt":"2021-09-28T16:00:59","slug":"referendare-m-w-d","status":"publish","type":"page","link":"https:\/\/www.ts-law.de\/en\/career\/referendare-m-w-d\/","title":{"rendered":"Referendare (m\/w\/d)"},"content":{"rendered":"<div class=\"wpb-content-wrapper\"><p>[vc_row css_animation=&#8221;&#8221; row_type=&#8221;row&#8221; use_row_as_full_screen_section=&#8221;no&#8221; type=&#8221;grid&#8221; angled_section=&#8221;no&#8221; text_align=&#8221;left&#8221; background_image_as_pattern=&#8221;without_pattern&#8221; z_index=&#8221;&#8221; padding_bottom=&#8221;60&#8243; padding_top=&#8221;60&#8243;][vc_column][qode_elements_holder number_of_columns=&#8221;two_columns&#8221; columns_proportion=&#8221;66_33&#8243;][qode_elements_holder_item vertical_alignment=&#8221;top&#8221; horizontal_alignment=&#8221;left&#8221; advanced_animations=&#8221;no&#8221;][vc_column_text el_class=&#8221;news-kategorie-bottom&#8221;]<\/p>\n<h4>Recruitment<\/h4>\n<p>[\/vc_column_text][vc_column_text]<\/p>\n<h1 class=\"entry-title\">Referendare (m\/w\/d)<\/h1>\n<p>[\/vc_column_text][\/qode_elements_holder_item][qode_elements_holder_item vertical_alignment=&#8221;bottom&#8221; horizontal_alignment=&#8221;right&#8221; advanced_animations=&#8221;no&#8221; custom_class=&#8221;tsp-share-module&#8221;][vc_column_text]Share: [\/vc_column_text][vc_widget_sidebar sidebar_id=&#8221;Share Widget&#8221;][\/qode_elements_holder_item][\/qode_elements_holder][\/vc_column][\/vc_row][vc_row css_animation=&#8221;&#8221; row_type=&#8221;row&#8221; use_row_as_full_screen_section=&#8221;no&#8221; type=&#8221;full_width&#8221; angled_section=&#8221;no&#8221; text_align=&#8221;left&#8221; background_image_as_pattern=&#8221;without_pattern&#8221; z_index=&#8221;&#8221; padding_bottom=&#8221;60&#8243;][vc_column offset=&#8221;vc_col-lg-offset-3 vc_col-lg-6 vc_col-md-offset-3 vc_col-md-6&#8243;][vc_column_text]Zur Verst\u00e4rkung unserer Fachreferate Bau-, Immobilien- und Vergaberecht suchen wir Referendare. Teilzeitdeputate f\u00fcr Doktoranden (m\/w\/d) sind m\u00f6glich.<\/p>\n<p>Es erwartet Sie ein hochspezialisiertes und dynamisches Team. Sie arbeiten mit erfahrenen Fachanw\u00e4lten in spannenden Projekten auf hohem juristischem Niveau. Wir haben flache Hierarchien und grenzen uns von Gro\u00dfkanzleistrukturen deutlich ab.<\/p>\n<p>Ihre Mitarbeit bei uns wird angemessen verg\u00fctet. Wir achten zudem strikt darauf, dass f\u00fcr Ihre Vorbereitung auf das zweite Staatsexamen gen\u00fcgend Raum ist.<\/p>\n<ul>\n<li><strong>Sie haben ein \u00fcberdurchschnittliches erstes Staatsexamen?<\/strong><\/li>\n<li><strong>Sie sind bereit, sich mit interessanten bau-, immobilien- und vergaberechtlichen Themen zu befassen?<\/strong><\/li>\n<li><strong>Sie sind teamorientiert und legen Wert auf ein kollegiales, freundliches und engagiertes Team, ein angenehmes Arbeitsklima und einen modernen Arbeitsplatz mitten in Berlin?<\/strong><\/li>\n<\/ul>\n<p><strong>Haben Sie Interesse? Dann freuen wir uns auf Ihre Bewerbung per E-Mail.<\/strong>[\/vc_column_text][\/vc_column][\/vc_row][vc_row css_animation=&#8221;&#8221; row_type=&#8221;row&#8221; use_row_as_full_screen_section=&#8221;no&#8221; type=&#8221;full_width&#8221; angled_section=&#8221;no&#8221; text_align=&#8221;left&#8221; background_image_as_pattern=&#8221;without_pattern&#8221;][vc_column]<div class=\"templatera_shortcode\"><div      class=\"vc_row wpb_row section vc_row-fluid \" style='background-color:#002458; padding-top:60px; padding-bottom:60px; text-align:center;'><div class=\" full_section_inner clearfix\"><div class=\"wpb_column vc_column_container vc_col-sm-12 vc_col-lg-offset-3 vc_col-lg-6 vc_col-md-offset-3 vc_col-md-6\"><div class=\"vc_column-inner\"><div class=\"wpb_wrapper\">\n\t<div class=\"wpb_text_column wpb_content_element \">\n\t\t<div class=\"wpb_wrapper\">\n\t\t\t<h3><span style=\"color: #ffffff;\">Bewerbung<\/span><\/h3>\n\n\t\t<\/div>\n\t<\/div><div class=\"vc_empty_space\"  style=\"height: 20px\" >\n\t<span class=\"vc_empty_space_inner\">\n\t\t<span class=\"empty_space_image\"  ><\/span>\n\t<\/span>\n<\/div>\n\t<div class=\"wpb_text_column wpb_content_element \">\n\t\t<div class=\"wpb_wrapper\">\n\t\t\t<p><span style=\"color: #ffffff;\">Werden Sie Mitglied unseres erfolgreichen Teams!<\/span><\/p>\n\n\t\t<\/div>\n\t<\/div><div class=\"vc_empty_space\"  style=\"height: 60px\" >\n\t<span class=\"vc_empty_space_inner\">\n\t\t<span class=\"empty_space_image\"  ><\/span>\n\t<\/span>\n<\/div><a  itemprop=\"url\" href=\"mailto:karriere@ts-law.de\" target=\"_self\"  class=\"qbutton  white default\" style=\"\">Jetzt bewerben<\/a><\/div><\/div><\/div><\/div><\/div><\/div>[\/vc_column][\/vc_row]<\/p>\n<\/div>","protected":false},"excerpt":{"rendered":"Recruitment Referendare (m\/w\/d) Share: Zur Verst\u00e4rkung unserer Fachreferate Bau-, Immobilien- und Vergaberecht suchen wir Referendare. Teilzeitdeputate f\u00fcr Doktoranden (m\/w\/d) sind m\u00f6glich. Es erwartet Sie ein hochspezialisiertes und dynamisches Team. Sie arbeiten mit erfahrenen Fachanw\u00e4lten in spannenden Projekten auf hohem juristischem Niveau. Wir haben flache Hierarchien...","protected":false},"author":541,"featured_media":0,"parent":2194,"menu_order":60,"comment_status":"closed","ping_status":"closed","template":"full_width.php","meta":{"_acf_changed":false,"footnotes":""},"categories":[78],"class_list":["post-2209","page","type-page","status-publish","hentry","category-karriere-en"],"acf":[],"_links":{"self":[{"href":"https:\/\/www.ts-law.de\/en\/wp-json\/wp\/v2\/pages\/2209","targetHints":{"allow":["GET"]}}],"collection":[{"href":"https:\/\/www.ts-law.de\/en\/wp-json\/wp\/v2\/pages"}],"about":[{"href":"https:\/\/www.ts-law.de\/en\/wp-json\/wp\/v2\/types\/page"}],"author":[{"embeddable":true,"href":"https:\/\/www.ts-law.de\/en\/wp-json\/wp\/v2\/users\/541"}],"replies":[{"embeddable":true,"href":"https:\/\/www.ts-law.de\/en\/wp-json\/wp\/v2\/comments?post=2209"}],"version-history":[{"count":0,"href":"https:\/\/www.ts-law.de\/en\/wp-json\/wp\/v2\/pages\/2209\/revisions"}],"up":[{"embeddable":true,"href":"https:\/\/www.ts-law.de\/en\/wp-json\/wp\/v2\/pages\/2194"}],"wp:attachment":[{"href":"https:\/\/www.ts-law.de\/en\/wp-json\/wp\/v2\/media?parent=2209"}],"wp:term":[{"taxonomy":"category","embeddable":true,"href":"https:\/\/www.ts-law.de\/en\/wp-json\/wp\/v2\/categories?post=2209"}],"curies":[{"name":"wp","href":"https:\/\/api.w.org\/{rel}","templated":true}]}}