{"id":2220,"date":"2021-09-28T18:05:29","date_gmt":"2021-09-28T16:05:29","guid":{"rendered":"https:\/\/www.ts-law.de\/our-team\/dr-claudia-viehweger-ll-m\/"},"modified":"2023-01-09T13:19:49","modified_gmt":"2023-01-09T12:19:49","slug":"dr-claudia-viehweger-ll-m","status":"publish","type":"page","link":"https:\/\/www.ts-law.de\/en\/our-team\/dr-claudia-viehweger-ll-m\/","title":{"rendered":"Dr. Claudia Viehweger, LL.M."},"content":{"rendered":"<div class=\"wpb-content-wrapper\"><p>[vc_row css_animation=&#8221;&#8221; row_type=&#8221;row&#8221; use_row_as_full_screen_section=&#8221;no&#8221; type=&#8221;grid&#8221; angled_section=&#8221;no&#8221; text_align=&#8221;left&#8221; background_image_as_pattern=&#8221;without_pattern&#8221; z_index=&#8221;&#8221; padding_top=&#8221;60&#8243; padding_bottom=&#8221;60&#8243;][vc_column][qode_elements_holder number_of_columns=&#8221;two_columns&#8221;][qode_elements_holder_item vertical_alignment=&#8221;top&#8221; horizontal_alignment=&#8221;left&#8221; advanced_animations=&#8221;no&#8221; item_padding=&#8221;0 125px 40px 0&#8243;][vc_single_image image=&#8221;3078&#8243; img_size=&#8221;full&#8221; qode_css_animation=&#8221;&#8221;][\/qode_elements_holder_item][qode_elements_holder_item vertical_alignment=&#8221;top&#8221; horizontal_alignment=&#8221;left&#8221; advanced_animations=&#8221;no&#8221; item_padding=&#8221;0 30px 0 0&#8243;][vc_column_text]<\/p>\n<h1>Dr. Claudia Viehweger, LL.M.<\/h1>\n<p>[\/vc_column_text][vc_empty_space height=&#8221;20px&#8221;][vc_column_text]<\/p>\n<h4>Attorney<br \/>\nSpecialist attorney for labour law<\/h4>\n<p>[\/vc_column_text][vc_empty_space height=&#8221;40px&#8221;][vc_column_text el_class=&#8221;link-big&#8221;]Tel.: (030) 399 776 0<br \/>\nFax: (030) 399 776 22<br \/>\n<a href=\"mailto:berlin@ts-law.de\">berlin@ts-law.de<\/a>[\/vc_column_text]<a  itemprop=\"url\" href=\"\/wp-content\/uploads\/2021\/04\/Dr-Claudia-Viehweger.vcf\" target=\"_blank\" data-hover-background-color=\"#e65c2c\" data-hover-border-color=\"#e65c2c\" data-hover-color=\"#ffffff\" class=\"qbutton  small left default\" style=\"color: #6895c8; border-color: #6895c8; margin: 10px 0 0 0; background-color:#ffffff;\">V-Card<i class=\"qode_icon_font_awesome fa fa-user qode_button_icon_element\"><\/i><\/a>[vc_empty_space height=&#8221;40px&#8221;][vc_column_text]Studies at the University of Bielefeld and Trinity College Dublin, Ireland. PhD in trademark and title protection law, 2006, Prof. Dr. iur. Dr. rer. Pol. Dres. h.c. S\u00e4cker at Freie Universit\u00e4t Berlin. Several years as research assistant at the chair of Prof. S\u00e4cker with focus on copyright law. From 2006 to 2010 Senior Associate at Raue LLP. Specialized attorney for employment law since 2010. Named as highly recommended attorney in the JUVE Handbook 2009\/2010 and 2010\/2011.<\/p>\n<p>Numerous specialist publications, including Title Protection under Sections 5 (3), 15 MarkenG in M\u00fcnchener Anwaltshandbuch zum Medienrecht (ed. Raue\/Hegemann), 2nd edition, Beck-Verlag Munich 2017; Trademark and Title Protection against Domain Names, together with Dr. Robert Heine, UWG und Markenrecht in F\u00e4llen (ed. S\u00e4cker\/Wolf), Verlag Vahlen, Munich 2009; Der Titel als Marke? Zum Verh\u00e4ltnis von Titel- und Markenschutz, Diss., UFITA Schriftenreihe (ed. Rehbinder), Nomos Verlag Baden-Baden 2008; The Exhaustion of Intellectual Property Rights in a European and International Context, Master of Law Thesis, Trinity College Dublin 2000. Numerous lectures.[\/vc_column_text][\/qode_elements_holder_item][\/qode_elements_holder][\/vc_column][\/vc_row]<\/p>\n<\/div>","protected":false},"excerpt":{"rendered":"<p>Rechtsanw\u00e4ltin<br \/>\nFachanw\u00e4ltin f\u00fcr Arbeitsrecht<\/p>\n","protected":false},"author":541,"featured_media":3081,"parent":2185,"menu_order":60,"comment_status":"closed","ping_status":"closed","template":"full_width.php","meta":{"_acf_changed":false,"footnotes":""},"categories":[79,82],"class_list":["post-2220","page","type-page","status-publish","has-post-thumbnail","hentry","category-kompetenzen-en","category-fachanwalt-fuer-arbeitsrecht-en"],"acf":[],"_links":{"self":[{"href":"https:\/\/www.ts-law.de\/en\/wp-json\/wp\/v2\/pages\/2220","targetHints":{"allow":["GET"]}}],"collection":[{"href":"https:\/\/www.ts-law.de\/en\/wp-json\/wp\/v2\/pages"}],"about":[{"href":"https:\/\/www.ts-law.de\/en\/wp-json\/wp\/v2\/types\/page"}],"author":[{"embeddable":true,"href":"https:\/\/www.ts-law.de\/en\/wp-json\/wp\/v2\/users\/541"}],"replies":[{"embeddable":true,"href":"https:\/\/www.ts-law.de\/en\/wp-json\/wp\/v2\/comments?post=2220"}],"version-history":[{"count":1,"href":"https:\/\/www.ts-law.de\/en\/wp-json\/wp\/v2\/pages\/2220\/revisions"}],"predecessor-version":[{"id":3803,"href":"https:\/\/www.ts-law.de\/en\/wp-json\/wp\/v2\/pages\/2220\/revisions\/3803"}],"up":[{"embeddable":true,"href":"https:\/\/www.ts-law.de\/en\/wp-json\/wp\/v2\/pages\/2185"}],"wp:featuredmedia":[{"embeddable":true,"href":"https:\/\/www.ts-law.de\/en\/wp-json\/wp\/v2\/media\/3081"}],"wp:attachment":[{"href":"https:\/\/www.ts-law.de\/en\/wp-json\/wp\/v2\/media?parent=2220"}],"wp:term":[{"taxonomy":"category","embeddable":true,"href":"https:\/\/www.ts-law.de\/en\/wp-json\/wp\/v2\/categories?post=2220"}],"curies":[{"name":"wp","href":"https:\/\/api.w.org\/{rel}","templated":true}]}}