{"id":2233,"date":"2021-09-28T18:05:40","date_gmt":"2021-09-28T16:05:40","guid":{"rendered":"https:\/\/www.ts-law.de\/publications\/tsp-tabellen-vorwort\/"},"modified":"2021-09-28T18:05:40","modified_gmt":"2021-09-28T16:05:40","slug":"tsp-tabellen-vorwort","status":"publish","type":"page","link":"https:\/\/www.ts-law.de\/en\/publications\/tsp-tabellen-vorwort\/","title":{"rendered":"TSP-Tabellen &#8211; Vorwort"},"content":{"rendered":"<div class=\"wpb-content-wrapper\"><p>[vc_row css_animation=&#8221;&#8221; row_type=&#8221;row&#8221; use_row_as_full_screen_section=&#8221;no&#8221; type=&#8221;grid&#8221; angled_section=&#8221;no&#8221; text_align=&#8221;left&#8221; background_image_as_pattern=&#8221;without_pattern&#8221; z_index=&#8221;&#8221; padding_top=&#8221;60&#8243; padding_bottom=&#8221;60&#8243;][vc_column][qode_elements_holder number_of_columns=&#8221;two_columns&#8221; columns_proportion=&#8221;75_25&#8243; alignment_one_column=&#8221;left&#8221;][qode_elements_holder_item vertical_alignment=&#8221;top&#8221; horizontal_alignment=&#8221;left&#8221; advanced_animations=&#8221;no&#8221; item_padding=&#8221;0 30px 0 0&#8243;][vc_column_text]<\/p>\n<h5 class=\"entry-title\">TSP-Tabellen<\/h5>\n<p>[\/vc_column_text][vc_empty_space height=&#8221;20px&#8221;][vc_column_text]<\/p>\n<h1 class=\"entry-title\">Teilleistungstabellen zur HOAI 2013<br \/>\n\u2013 Vorwort \u2013<\/h1>\n<p>[\/vc_column_text][vc_empty_space height=&#8221;20px&#8221;][vc_column_text]von Dr. Rolf Thei\u00dfen, Fachanwalt f\u00fcr Bau- und Architektenrecht,<br \/>\nLehrbeauftragter f\u00fcr Bau- und Vergaberecht<br \/>\nan der Beuth-Hochschule f\u00fcr Technik, Berlin[\/vc_column_text][\/qode_elements_holder_item][qode_elements_holder_item vertical_alignment=&#8221;bottom&#8221; horizontal_alignment=&#8221;right&#8221; advanced_animations=&#8221;no&#8221; item_padding=&#8221;20px 0 0 0&#8243;][vc_column_text el_class=&#8221;tabelle-ausdrucken&#8221;]<a href=\"\/wp-content\/uploads\/2021\/03\/1.-Vorwort1.pdf\" target=\"_blank\" rel=\"noopener\">Vorwort ausdrucken<\/a>[\/vc_column_text][\/qode_elements_holder_item][\/qode_elements_holder][\/vc_column][\/vc_row][vc_row css_animation=&#8221;&#8221; row_type=&#8221;row&#8221; use_row_as_full_screen_section=&#8221;no&#8221; type=&#8221;grid&#8221; angled_section=&#8221;no&#8221; text_align=&#8221;left&#8221; background_image_as_pattern=&#8221;without_pattern&#8221; z_index=&#8221;&#8221; padding_bottom=&#8221;60&#8243;][vc_column offset=&#8221;vc_col-lg-9 vc_col-md-9 vc_col-xs-12&#8243;][vc_column_text]<\/p>\n<h3>Tabellen f\u00fcr die Praxis<\/h3>\n<p>[\/vc_column_text][vc_empty_space height=&#8221;20px&#8221;][vc_column_text]Die Tabellenwerke dienen als Arbeitshilfe f\u00fcr die Praxis. Sie geben dem Praktiker Berechnungsgrundlagen an die Hand, so dass eine Honorarvereinbarung und Honorarberechnung auch in den \u2013 h\u00e4ufigen \u2013 F\u00e4llen m\u00f6glich wird, in denen dem Auftragnehmer nicht alle Grundleistungen innerhalb einer Leistungsphase \u00fcbertragen werden. Die Tabellen sind ausgerichtet auf die Grundleistungen gem\u00e4\u00df den Anlagen 10.1 bis 15.1 der HOAI 2013. (Hinweis: Die TSP-Tabellen f\u00fcr den Anwendungsbereich der \u00e4lteren HOAI 2009 finden Sie u.a. in: P\u00f6hlker\/Thei\u00dfen\/Adrians, Kommentar zur HOAI, 2. Auflage, 2012, dort Anhang III.).[\/vc_column_text][\/vc_column][\/vc_row][vc_row css_animation=&#8221;&#8221; row_type=&#8221;row&#8221; use_row_as_full_screen_section=&#8221;no&#8221; type=&#8221;grid&#8221; angled_section=&#8221;no&#8221; text_align=&#8221;left&#8221; background_image_as_pattern=&#8221;without_pattern&#8221; z_index=&#8221;&#8221; padding_bottom=&#8221;60&#8243;][vc_column offset=&#8221;vc_col-lg-9 vc_col-md-9&#8243;][vc_column_text]<\/p>\n<h3>Rechtliche Grundlagen<\/h3>\n<p>[\/vc_column_text][vc_empty_space height=&#8221;20px&#8221;][vc_column_text]<strong>1. Die HOAI 2013 bestimmt unter \u00a7 8 Abs. 2 HOAI ausdr\u00fccklich:<\/strong><\/p>\n<blockquote>\n<p>\u201eWerden dem Auftragnehmer nicht alle Grundleistungen einer Leistungsphase \u00fcbertragen, so <em>darf<\/em> f\u00fcr die \u00fcbertragenen Grundleistungen <em>nur ein Honorar berechnet<\/em> und vereinbart werden, das dem <em>Anteil<\/em> der \u00fcbertragenen Grundleistungen an der gesamten Leistungsphase <em>entspricht<\/em>. (\u2026) Entsprechend <em>ist<\/em> zu verfahren, wenn dem Auftragnehmer wesentliche Teile von Grundleistungen nicht \u00fcbertragen werden.\u201c<br \/>\n(Anmerkung: Kursiv-Hervorhebungen durch den Verfasser)<\/p>\n<\/blockquote>\n<p>Die Wendung \u201e<em>darf nur berechnet und vereinbart werden<\/em>\u201c stellt klar, dass es sich um eine zwingende Vorgabe des Verordnungsgebers handelt. Allerdings gibt die HOAI keine Hinweise darauf, in welcher prozentualen H\u00f6he der jeweilige Anteil der nicht vereinbarten bzw. nicht erbrachten Grundleistung zu berechnen ist. Die in der HOAI benannten Prozents\u00e4tze beziehen sich allein auf die gesamte jeweilige Leistungsphase, vgl. \u00a7\u00a7 34 Abs. 3, 39 Abs. 3, 43 Abs. 1, 47 Abs. 1, 51 Abs. 1, 55 Abs. 1 HOAI.<\/p>\n<p><strong>2. Hier setzen die nachstehenden Teilleistungstabellen an. Diese geben eine Orientierungshilfe f\u00fcr die Berechnung des Planerhonorars insbesondere in den F\u00e4llen<\/strong><\/p>\n<ul>\n<li>teilweiser Beauftragung von Grundleistungen einer Leistungsphase,<\/li>\n<li>vorzeitiger Beendigung des Planervertrages w\u00e4hrend einer Leistungsphase,<\/li>\n<li>teilweiser Erbringung von Grundleistungen einer Leistungsphase.<\/li>\n<\/ul>\n<p>&nbsp;<\/p>\n<p><strong>3. Der Bundesgerichtshof hat die Anwendung von Teilleistungstabellen grunds\u00e4tzlich gebilligt und hierzu in seiner Entscheidung vom 16.12.2004 \u2013 VII ZR 174\/03 ausgef\u00fchrt:<\/strong><\/p>\n<blockquote>\n<p>\u201eDie Zulassungsfrage, wie das Architektenhonorar zu berechnen ist, wenn der Architekt im Zeitpunkt der K\u00fcndigung einzelne Grundleistungen einer Leistungsphase gar nicht oder einzelne Grundleistungen nur teilweise erbracht hat, ist in der HOAI nicht geregelt. (\u2026) Es ist nicht erforderlich, wenn auch nahe liegend, die Abrechnung in diesen F\u00e4llen nach der Steinfort-Tabelle <em>(Hinweis des Verfassers: Die ehemalige Steinfort-Tabelle wird nicht mehr fortgef\u00fchrt)<\/em> oder \u00e4hnlichen Berechnungswerken vorzunehmen (\u2026). Die Steinfort-Tabelle oder \u00e4hnliche Berechnungsvorschl\u00e4ge beruhen in der Regel auf dem Durchschnitt der Erfahrungswerte von sachverst\u00e4ndigen Praktikern, so dass sie sich als Orientierungshilfe auch f\u00fcr die Bewertung nicht erbrachter Leistungen eignen. Allerdings kann eine Abrechnung im Einzelfall auch auf hiervon abweichenden Berechnungsma\u00dfst\u00e4ben beruhen, wobei es dann ma\u00dfgeblich auf die im Einzelfall geschuldeten, aber nicht erbrachten Leistungen ankommt.\u201c<\/p>\n<\/blockquote>\n<p>Hervorzuheben ist insoweit insbesondere, dass eine Bewertung <em>stets einzelfallbezogen<\/em> zu erfolgen hat. Die Intensit\u00e4t der einzelnen Grundleistungen variiert von Projekt zu Projekt. Daher verbietet sich eine schematische und starre prozentuale Bewertung der Einzelleistungen. Die in den nachfolgenden TSP \u2013 Tabellen vorgenommenen Bewertungen bilden einen auf Erfahrungswerten gr\u00fcndenden Orientierungsrahmen, der im Einzelfall auch \u00fcber- oder unterschritten werden kann.<\/p>\n<p>Berlin, August 2015<\/p>\n<p><strong>Dr. Rolf Thei\u00dfen<\/strong><br \/>\nFachanwalt f\u00fcr Bau- und Architektenrecht,<br \/>\nLehrbeauftragter f\u00fcr Bau und Vergaberecht[\/vc_column_text][\/vc_column][\/vc_row][vc_row css_animation=&#8221;&#8221; row_type=&#8221;row&#8221; use_row_as_full_screen_section=&#8221;no&#8221; type=&#8221;full_width&#8221; angled_section=&#8221;no&#8221; text_align=&#8221;left&#8221; background_image_as_pattern=&#8221;without_pattern&#8221;][vc_column]<div class=\"templatera_shortcode\"><div      class=\"vc_row wpb_row section vc_row-fluid  grid_section\" style=' padding-bottom:60px; text-align:left;'><div class=\" section_inner clearfix\"><div class='section_inner_margin clearfix'><div class=\"wpb_column vc_column_container vc_col-sm-12\"><div class=\"vc_column-inner\"><div class=\"wpb_wrapper\">\n\t<div class=\"wpb_text_column wpb_content_element \">\n\t\t<div class=\"wpb_wrapper\">\n\t\t\t<p><a href=\"\/?page_id=224#gesetze-verordnungen\">\u2039 zur\u00fcck<\/a><\/p>\n\n\t\t<\/div>\n\t<\/div><\/div><\/div><\/div><\/div><\/div><\/div><\/div>[\/vc_column][\/vc_row]<\/p>\n<\/div>","protected":false},"excerpt":{"rendered":"TSP-Tabellen Teilleistungstabellen zur HOAI 2013 \u2013 Vorwort \u2013 von Dr. Rolf Thei\u00dfen, Fachanwalt f\u00fcr Bau- und Architektenrecht, Lehrbeauftragter f\u00fcr Bau- und Vergaberecht an der Beuth-Hochschule f\u00fcr Technik, Berlin Vorwort ausdrucken Tabellen f\u00fcr die Praxis Die Tabellenwerke dienen als Arbeitshilfe f\u00fcr die Praxis. Sie geben dem...","protected":false},"author":541,"featured_media":0,"parent":2188,"menu_order":10,"comment_status":"closed","ping_status":"closed","template":"full_width.php","meta":{"_acf_changed":false,"footnotes":""},"categories":[],"class_list":["post-2233","page","type-page","status-publish","hentry"],"acf":[],"_links":{"self":[{"href":"https:\/\/www.ts-law.de\/en\/wp-json\/wp\/v2\/pages\/2233","targetHints":{"allow":["GET"]}}],"collection":[{"href":"https:\/\/www.ts-law.de\/en\/wp-json\/wp\/v2\/pages"}],"about":[{"href":"https:\/\/www.ts-law.de\/en\/wp-json\/wp\/v2\/types\/page"}],"author":[{"embeddable":true,"href":"https:\/\/www.ts-law.de\/en\/wp-json\/wp\/v2\/users\/541"}],"replies":[{"embeddable":true,"href":"https:\/\/www.ts-law.de\/en\/wp-json\/wp\/v2\/comments?post=2233"}],"version-history":[{"count":0,"href":"https:\/\/www.ts-law.de\/en\/wp-json\/wp\/v2\/pages\/2233\/revisions"}],"up":[{"embeddable":true,"href":"https:\/\/www.ts-law.de\/en\/wp-json\/wp\/v2\/pages\/2188"}],"wp:attachment":[{"href":"https:\/\/www.ts-law.de\/en\/wp-json\/wp\/v2\/media?parent=2233"}],"wp:term":[{"taxonomy":"category","embeddable":true,"href":"https:\/\/www.ts-law.de\/en\/wp-json\/wp\/v2\/categories?post=2233"}],"curies":[{"name":"wp","href":"https:\/\/api.w.org\/{rel}","templated":true}]}}