{"id":2243,"date":"2021-09-28T18:05:49","date_gmt":"2021-09-28T16:05:49","guid":{"rendered":"https:\/\/www.ts-law.de\/publications\/tsp-tabellen-fachplanung-tragwerk\/"},"modified":"2021-09-28T18:05:49","modified_gmt":"2021-09-28T16:05:49","slug":"tsp-tabellen-fachplanung-tragwerk","status":"publish","type":"page","link":"https:\/\/www.ts-law.de\/en\/publications\/tsp-tabellen-fachplanung-tragwerk\/","title":{"rendered":"TSP-Tabellen &#8211; Fachplanung Tragwerk"},"content":{"rendered":"<div class=\"wpb-content-wrapper\"><p>[vc_row css_animation=&#8221;&#8221; row_type=&#8221;row&#8221; use_row_as_full_screen_section=&#8221;no&#8221; type=&#8221;grid&#8221; angled_section=&#8221;no&#8221; text_align=&#8221;left&#8221; background_image_as_pattern=&#8221;without_pattern&#8221; z_index=&#8221;&#8221; padding_top=&#8221;60&#8243; padding_bottom=&#8221;60&#8243;][vc_column][qode_elements_holder number_of_columns=&#8221;two_columns&#8221; columns_proportion=&#8221;75_25&#8243; alignment_one_column=&#8221;left&#8221;][qode_elements_holder_item vertical_alignment=&#8221;top&#8221; horizontal_alignment=&#8221;left&#8221; advanced_animations=&#8221;no&#8221; item_padding=&#8221;0 30px 0 0&#8243;][vc_column_text]<\/p>\n<h5 class=\"entry-title\">TSP-Tabellen<\/h5>\n<p>[\/vc_column_text][vc_empty_space height=&#8221;20px&#8221;][vc_column_text]<\/p>\n<h1 class=\"entry-title\">Teilleistungstabellen zur HOAI 2013<br \/>\n\u2013 TSP-Tabellen \u2013<\/h1>\n<p>[\/vc_column_text][vc_empty_space height=&#8221;20px&#8221;][vc_column_text]von Dr. Rolf Thei\u00dfen, Fachanwalt f\u00fcr Bau- und Architektenrecht,<br \/>\nLehrbeauftragter f\u00fcr Bau- und Vergaberecht<br \/>\nan der Beuth-Hochschule f\u00fcr Technik, Berlin[\/vc_column_text][\/qode_elements_holder_item][qode_elements_holder_item vertical_alignment=&#8221;bottom&#8221; horizontal_alignment=&#8221;right&#8221; advanced_animations=&#8221;no&#8221; item_padding=&#8221;20px 0 0 0&#8243;][vc_column_text el_class=&#8221;tabelle-ausdrucken&#8221;]<a href=\"\/wp-content\/uploads\/2021\/03\/6.-Tragwerk.pdf\" target=\"_blank\" rel=\"noopener\">Tabelle ausdrucken<\/a>[\/vc_column_text][\/qode_elements_holder_item][\/qode_elements_holder][\/vc_column][\/vc_row][vc_row css_animation=&#8221;&#8221; row_type=&#8221;row&#8221; use_row_as_full_screen_section=&#8221;no&#8221; type=&#8221;grid&#8221; angled_section=&#8221;no&#8221; text_align=&#8221;left&#8221; background_image_as_pattern=&#8221;without_pattern&#8221; z_index=&#8221;&#8221; padding_bottom=&#8221;60&#8243; el_class=&#8221;hoai-tabellen&#8221;][vc_column][vc_empty_space height=&#8221;40px&#8221;][vc_column_text]<\/p>\n<h3 class=\"entry-title\">Tabelle V: Fachplanung Tragwerk<br \/>\n\u2013 Grundleistungen \u2013<\/h3>\n<p>[\/vc_column_text][vc_empty_space height=&#8221;40px&#8221;][vc_column_text]<\/p>\n<table border=\"1\" width=\"100%\" cellspacing=\"0\" cellpadding=\"0\">\n<thead>\n<tr>\n<th valign=\"top\" width=\"52%\"><strong>LPH 1 Grundlagenermittlung<\/strong><\/th>\n<th style=\"text-align: center;\" valign=\"top\" width=\"13%\"><strong>3 Prozent<\/strong><\/th>\n<th style=\"text-align: center;\" valign=\"bottom\" width=\"33%\"><strong>Bewertung:<\/strong><\/th>\n<\/tr>\n<\/thead>\n<tbody>\n<tr>\n<td colspan=\"2\" valign=\"top\" width=\"65%\">a) Kl\u00e4ren der Aufgabenstellung auf Grund der Vorgaben oder der Bedarfsplanung des Auftraggebers im Benehmen mit dem Objektplaner<\/td>\n<td valign=\"bottom\" width=\"34%\">\n<p align=\"center\">1,8 \u2013 2,6<\/p>\n<\/td>\n<\/tr>\n<tr>\n<td colspan=\"2\" valign=\"top\" width=\"65%\">b) Zusammenstellen der die Aufgabe beeinflussenden Planungsabsichten<\/td>\n<td valign=\"bottom\" width=\"34%\">\n<p align=\"center\">0,4 \u2013 0,6<\/p>\n<\/td>\n<\/tr>\n<tr>\n<td colspan=\"2\" valign=\"top\" width=\"65%\">c) Zusammenfassen, Erl\u00e4utern und Dokumentieren der Ergebnisse<\/td>\n<td valign=\"bottom\" width=\"34%\">\n<p align=\"center\">0,1 \u2013 0,4<\/p>\n<\/td>\n<\/tr>\n<\/tbody>\n<\/table>\n<p>[\/vc_column_text][vc_empty_space height=&#8221;60px&#8221;][vc_column_text]<\/p>\n<table border=\"1\" width=\"100%\" cellspacing=\"0\" cellpadding=\"0\">\n<thead>\n<tr>\n<th valign=\"top\" width=\"52%\"><strong>LPH 2 Vorplanung<\/strong><\/th>\n<th style=\"text-align: center;\" valign=\"top\" width=\"13%\"><strong>10 Prozent<\/strong><\/th>\n<th style=\"text-align: center;\" valign=\"bottom\" width=\"33%\"><strong>Bewertung:<\/strong><\/th>\n<\/tr>\n<\/thead>\n<tbody>\n<tr>\n<td colspan=\"2\" valign=\"top\" width=\"65%\">a) Analysieren der Grundlagen<\/td>\n<td valign=\"bottom\" width=\"34%\">\n<p align=\"center\">0,3 \u2013 0,5<\/p>\n<\/td>\n<\/tr>\n<tr>\n<td colspan=\"2\" valign=\"top\" width=\"65%\">b) Beraten in statisch-konstruktiver Hinsicht unter Ber\u00fccksichtigung der Belange der Standsicherheit, der Gebrauchsf\u00e4higkeit und der<br \/>\nWirtschaftlichkeit<\/td>\n<td valign=\"bottom\" width=\"34%\">\n<p align=\"center\">2,0 \u2013 2,4<\/p>\n<\/td>\n<\/tr>\n<tr>\n<td colspan=\"2\" valign=\"top\" width=\"65%\">c) Mitwirken bei dem Erarbeiten eines Planungskonzepts einschlie\u00dflich Untersuchung der L\u00f6sungsm\u00f6glichkeiten des Tragwerks unter gleichen<br \/>\nObjektbedingungen mit skizzenhafter Darstellung, Kl\u00e4rung und Angabe der f\u00fcr das Tragwerk wesentlichen konstruktiven Festlegungen f\u00fcr zum<br \/>\nBeispiel Baustoffe, Bauarten und Herstellungsverfahren, Konstruktionsraster und Gr\u00fcndungsart<\/td>\n<td valign=\"bottom\" width=\"34%\">\n<p align=\"center\">5,0 \u2013 7,0<\/p>\n<\/td>\n<\/tr>\n<tr>\n<td colspan=\"2\" valign=\"top\" width=\"65%\">d) Mitwirken bei Vorverhandlungen mit Beh\u00f6rden und anderen an der Planung fachlich Beteiligten \u00fcber die Genehmigungsf\u00e4higkeit<\/td>\n<td valign=\"bottom\" width=\"34%\">\n<p align=\"center\">0,3 \u2013 0,5<\/p>\n<\/td>\n<\/tr>\n<tr>\n<td colspan=\"2\" valign=\"top\" width=\"65%\">e) Mitwirken bei der Kostensch\u00e4tzung und bei der Terminplanung<\/td>\n<td valign=\"bottom\" width=\"34%\">\n<p align=\"center\">0,4 \u2013 0,8<\/p>\n<\/td>\n<\/tr>\n<tr>\n<td colspan=\"2\" valign=\"top\" width=\"65%\">f) Zusammenfassen, Erl\u00e4utern und Dokumentieren der Ergebnisse<\/td>\n<td valign=\"bottom\" width=\"34%\">\n<p align=\"center\">0,1 \u2013 0,4<\/p>\n<\/td>\n<\/tr>\n<\/tbody>\n<\/table>\n<p>[\/vc_column_text][vc_empty_space height=&#8221;60px&#8221;][vc_column_text]<\/p>\n<table border=\"1\" width=\"100%\" cellspacing=\"0\" cellpadding=\"0\">\n<thead>\n<tr>\n<th valign=\"top\" width=\"52%\"><strong>LPH 3 Entwurfsplanung<\/strong><\/th>\n<th style=\"text-align: center;\" valign=\"top\" width=\"13%\"><strong>15 Prozent<\/strong><\/th>\n<th style=\"text-align: center;\" valign=\"bottom\" width=\"33%\"><strong>Bewertung:<\/strong><\/th>\n<\/tr>\n<\/thead>\n<tbody>\n<tr>\n<td colspan=\"2\" valign=\"top\" width=\"65%\">a) Erarbeiten der Tragwerksl\u00f6sung, unter Beachtung der durch die Objektplanung integrierten Fachplanungen, bis zum konstruktiven Entwurf mit zeichnerischer Darstellung<\/td>\n<td valign=\"bottom\" width=\"34%\">\n<p align=\"center\">6,0 \u2013 7,0<\/p>\n<\/td>\n<\/tr>\n<tr>\n<td colspan=\"2\" valign=\"top\" width=\"65%\">b) \u00dcberschl\u00e4gige statische Berechnung und Bemessung<\/td>\n<td valign=\"bottom\" width=\"34%\">\n<p align=\"center\">2,8 \u2013 3,8<\/p>\n<\/td>\n<\/tr>\n<tr>\n<td colspan=\"2\" valign=\"top\" width=\"65%\">c) Grundlegende Festlegungen der konstruktiven Details und Hauptabmessungen des Tragwerks f\u00fcr zum Beispiel Gestaltung der tragenden Querschnitte, Aussparungen und Fugen; Ausbildung der Auflager- und Knotenpunkte sowie der Verbindungsmittel<\/td>\n<td valign=\"bottom\" width=\"34%\">\n<p align=\"center\">2,0 \u2013 2,6<\/p>\n<\/td>\n<\/tr>\n<tr>\n<td colspan=\"2\" valign=\"top\" width=\"65%\">d) \u00dcberschl\u00e4giges Ermitteln der Betonstahlmengen im Stahlbetonbau, der Stahlmengen im Stahlbau und der Holzmengen im Ingenieurholzbau<\/td>\n<td valign=\"bottom\" width=\"34%\">\n<p align=\"center\">1,0 \u2013 1,4<\/p>\n<\/td>\n<\/tr>\n<tr>\n<td colspan=\"2\" valign=\"top\" width=\"65%\">e) Mitwirken bei der Objektbeschreibung bzw. beim Erl\u00e4uterungsbericht<\/td>\n<td valign=\"bottom\" width=\"34%\">\n<p align=\"center\">0,3 \u2013 0,7<\/p>\n<\/td>\n<\/tr>\n<tr>\n<td colspan=\"2\" valign=\"top\" width=\"65%\">f) Mitwirken bei Verhandlungen mit Beh\u00f6rden und anderen an der Planung fachlich Beteiligten \u00fcber die Genehmigungsf\u00e4higkeit<\/td>\n<td valign=\"bottom\" width=\"34%\">\n<p align=\"center\">0,1 \u2013 0,3<\/p>\n<\/td>\n<\/tr>\n<tr>\n<td colspan=\"2\" valign=\"top\" width=\"65%\">g) Mitwirken bei der Kostenberechnung und bei der Terminplanung<\/td>\n<td valign=\"bottom\" width=\"34%\">\n<p align=\"center\">0,2 \u2013 0,8<\/p>\n<\/td>\n<\/tr>\n<tr>\n<td colspan=\"2\" valign=\"top\" width=\"65%\">h) Mitwirken beim Vergleich der Kostenberechnung mit der Kostensch\u00e4tzung<\/td>\n<td valign=\"bottom\" width=\"34%\">\n<p align=\"center\">0,1 \u2013 0,2<\/p>\n<\/td>\n<\/tr>\n<tr>\n<td colspan=\"2\" valign=\"top\" width=\"65%\">i) Zusammenfassen, Erl\u00e4utern und Dokumentieren der Ergebnisse<\/td>\n<td valign=\"bottom\" width=\"34%\">\n<p align=\"center\">0,1 \u2013 o,4<\/p>\n<\/td>\n<\/tr>\n<\/tbody>\n<\/table>\n<p>[\/vc_column_text][vc_empty_space height=&#8221;60px&#8221;][vc_column_text]<\/p>\n<table border=\"1\" width=\"100%\" cellspacing=\"0\" cellpadding=\"0\">\n<thead>\n<tr>\n<th valign=\"top\" width=\"52%\"><strong>LPH 4 Genehmigungsplanung<\/strong><\/th>\n<th style=\"text-align: center;\" valign=\"top\" width=\"13%\"><strong>30 Prozent<\/strong><\/th>\n<th style=\"text-align: center;\" valign=\"bottom\" width=\"33%\"><strong>Bewertung:<\/strong><\/th>\n<\/tr>\n<\/thead>\n<tbody>\n<tr>\n<td colspan=\"2\" valign=\"top\" width=\"65%\">a) Aufstellen der pr\u00fcff\u00e4higen statischen Berechnungen f\u00fcr das Tragwerk unter Ber\u00fccksichtigung der vorgegebenen bauphysikalischen<br \/>\nAnforderungen<\/td>\n<td valign=\"bottom\" width=\"34%\">\n<p align=\"center\">17,0 \u2013 21,0<\/p>\n<\/td>\n<\/tr>\n<tr>\n<td colspan=\"2\" valign=\"top\" width=\"65%\">b) Bei Ingenieurbauwerken: Erfassen von normalen Bauzust\u00e4nden<\/td>\n<td valign=\"bottom\" width=\"34%\">\n<p align=\"center\">siehe a)<\/p>\n<\/td>\n<\/tr>\n<tr>\n<td colspan=\"2\" valign=\"top\" width=\"65%\">c) Anfertigen der Positionspl\u00e4ne f\u00fcr das Tragwerk oder Eintragen der statischen Positionen, der Tragwerksabmessungen, der Verkehrslasten,<br \/>\nder Art und G\u00fcte der Baustoffe und der Besonderheiten der Konstruktionen in die Entwurfszeichnungen des Objektplaners<\/td>\n<td valign=\"bottom\" width=\"34%\">\n<p align=\"center\">6,0 \u2013 9,0<\/p>\n<\/td>\n<\/tr>\n<tr>\n<td colspan=\"2\" valign=\"top\" width=\"65%\">d) Zusammenstellen der Unterlagen der Tragwerksplanung zur Genehmigung<\/td>\n<td valign=\"bottom\" width=\"34%\">\n<p align=\"center\">0,8 \u2013 1,2<\/p>\n<\/td>\n<\/tr>\n<tr>\n<td colspan=\"2\" valign=\"top\" width=\"65%\">e) Abstimmen mit Pr\u00fcf\u00e4mtern und Pr\u00fcfingenieuren oder Eigenkontrolle<\/td>\n<td valign=\"bottom\" width=\"34%\">\n<p align=\"center\">1,0 \u2013 1,2<\/p>\n<\/td>\n<\/tr>\n<tr>\n<td colspan=\"2\" valign=\"top\" width=\"65%\">f) Vervollst\u00e4ndigen und Berichtigen der Berechnungen und Pl\u00e4ne<\/td>\n<td valign=\"bottom\" width=\"34%\">\n<p align=\"center\">0,8 \u2013 1,0<\/p>\n<\/td>\n<\/tr>\n<\/tbody>\n<\/table>\n<p>[\/vc_column_text][vc_empty_space height=&#8221;60px&#8221;][vc_column_text]<\/p>\n<table border=\"1\" width=\"100%\" cellspacing=\"0\" cellpadding=\"0\">\n<thead>\n<tr>\n<th valign=\"top\" width=\"52%\"><strong>LPH 5 Ausf\u00fchrungsplanung<\/strong><\/th>\n<th style=\"text-align: center;\" valign=\"top\" width=\"13%\"><strong>40 Prozent<\/strong><\/th>\n<th style=\"text-align: center;\" valign=\"bottom\" width=\"33%\"><strong>Bewertung:<\/strong><\/th>\n<\/tr>\n<\/thead>\n<tbody>\n<tr>\n<td colspan=\"2\" valign=\"top\" width=\"65%\">a) Durcharbeiten der Ergebnisse der Leistungsphasen 3 und 4 unter Beachtung der durch die Objektplanung integrierten Fachplanungen<\/td>\n<td valign=\"bottom\" width=\"34%\">\n<p align=\"center\">6,0 \u2013 10,0<\/p>\n<\/td>\n<\/tr>\n<tr>\n<td colspan=\"2\" valign=\"top\" width=\"65%\">b) Anfertigen der Schalpl\u00e4ne in Erg\u00e4nzung der fertiggestellten Ausf\u00fchrungspl\u00e4ne des Objektplaners<\/td>\n<td valign=\"bottom\" width=\"34%\">\n<p align=\"center\">10,0 \u2013 14,0<\/p>\n<\/td>\n<\/tr>\n<tr>\n<td colspan=\"2\" valign=\"top\" width=\"65%\">c) Zeichnerische Darstellung der Konstruktionen mit Einbau- und Verlegeanweisungen, zum Beispiel Bewehrungspl\u00e4ne, Stahlbau- oder<br \/>\nHolzkonstruktionspl\u00e4ne mit Leitdetails (keine Werkstattzeichnungen)<\/td>\n<td valign=\"bottom\" width=\"34%\">\n<p align=\"center\">12,0 \u2013 18,0<\/p>\n<\/td>\n<\/tr>\n<tr>\n<td colspan=\"2\" valign=\"top\" width=\"65%\">d) Aufstellen von Stahl- oder St\u00fccklisten als Erg\u00e4nzung zur zeichnerischen Darstellung der Konstruktionen mit Stahlmengenermittlung<\/td>\n<td valign=\"bottom\" width=\"34%\">\n<p align=\"center\">2,0 \u2013 4,0<\/p>\n<\/td>\n<\/tr>\n<tr>\n<td colspan=\"2\" valign=\"top\" width=\"65%\">e) Fortf\u00fchren der Abstimmung mit Pr\u00fcf\u00e4mtern und Pr\u00fcfingenieuren oder Eigenkontrolle<\/td>\n<td valign=\"bottom\" width=\"34%\">\n<p align=\"center\">1,5 \u2013 2,5<\/p>\n<\/td>\n<\/tr>\n<\/tbody>\n<\/table>\n<p>[\/vc_column_text][vc_empty_space height=&#8221;60px&#8221;][vc_column_text]<\/p>\n<table border=\"1\" width=\"100%\" cellspacing=\"0\" cellpadding=\"0\">\n<thead>\n<tr>\n<th valign=\"top\" width=\"52%\"><strong>LPH 6 Vorbereitung der Vergabe<\/strong><\/th>\n<th style=\"text-align: center;\" valign=\"top\" width=\"13%\"><strong>2 Prozent<\/strong><\/th>\n<th style=\"text-align: center;\" valign=\"bottom\" width=\"33%\"><strong>Bewertung:<\/strong><\/th>\n<\/tr>\n<\/thead>\n<tbody>\n<tr>\n<td colspan=\"2\" valign=\"top\" width=\"65%\">a) Ermitteln der Betonstahlmengen im Stahlbetonbau, der Stahlmengen im Stahlbau und der Holzmengen im Ingenieurholzbau als Ergebnis der Ausf\u00fchrungsplanung und als Beitrag zur Mengenermittlung des Objektplaners<\/td>\n<td valign=\"bottom\" width=\"34%\">\n<p align=\"center\">0,7 \u2013 1,3<\/p>\n<\/td>\n<\/tr>\n<tr>\n<td colspan=\"2\" valign=\"top\" width=\"65%\">b) \u00dcberschl\u00e4giges Ermitteln der Mengen der konstruktiven Stahlteile und statisch erforderlichen Verbindungs- und Befestigungsmittel im<br \/>\nIngenieurholzbau<\/td>\n<td valign=\"bottom\" width=\"34%\">\n<p align=\"center\">0,1 \u2013 0,7<\/p>\n<\/td>\n<\/tr>\n<tr>\n<td colspan=\"2\" valign=\"top\" width=\"65%\">c) Mitwirken beim Erstellen der Leistungsbeschreibung als Erg\u00e4nzung zu den Mengenermittlungen als Grundlage f\u00fcr das Leistungsverzeichnis des Tragwerks<\/td>\n<td valign=\"bottom\" width=\"34%\">\n<p align=\"center\">0,4 \u2013 0,8<\/p>\n<\/td>\n<\/tr>\n<\/tbody>\n<\/table>\n<p>[\/vc_column_text][\/vc_column][\/vc_row][vc_row css_animation=&#8221;&#8221; row_type=&#8221;row&#8221; use_row_as_full_screen_section=&#8221;no&#8221; type=&#8221;full_width&#8221; angled_section=&#8221;no&#8221; text_align=&#8221;left&#8221; background_image_as_pattern=&#8221;without_pattern&#8221;][vc_column]<div class=\"templatera_shortcode\"><div      class=\"vc_row wpb_row section vc_row-fluid  grid_section\" style=' padding-bottom:60px; text-align:left;'><div class=\" section_inner clearfix\"><div class='section_inner_margin clearfix'><div class=\"wpb_column vc_column_container vc_col-sm-12\"><div class=\"vc_column-inner\"><div class=\"wpb_wrapper\">\n\t<div class=\"wpb_text_column wpb_content_element \">\n\t\t<div class=\"wpb_wrapper\">\n\t\t\t<p><a href=\"\/?page_id=224#gesetze-verordnungen\">\u2039 zur\u00fcck<\/a><\/p>\n\n\t\t<\/div>\n\t<\/div><\/div><\/div><\/div><\/div><\/div><\/div><\/div>[\/vc_column][\/vc_row]<\/p>\n<\/div>","protected":false},"excerpt":{"rendered":"TSP-Tabellen Teilleistungstabellen zur HOAI 2013 \u2013 TSP-Tabellen \u2013 von Dr. Rolf Thei\u00dfen, Fachanwalt f\u00fcr Bau- und Architektenrecht, Lehrbeauftragter f\u00fcr Bau- und Vergaberecht an der Beuth-Hochschule f\u00fcr Technik, Berlin Tabelle ausdrucken Tabelle V: Fachplanung Tragwerk \u2013 Grundleistungen \u2013 LPH 1 Grundlagenermittlung 3 Prozent Bewertung: a) Kl\u00e4ren...","protected":false},"author":541,"featured_media":0,"parent":2188,"menu_order":60,"comment_status":"closed","ping_status":"closed","template":"full_width.php","meta":{"_acf_changed":false,"footnotes":""},"categories":[],"class_list":["post-2243","page","type-page","status-publish","hentry"],"acf":[],"_links":{"self":[{"href":"https:\/\/www.ts-law.de\/en\/wp-json\/wp\/v2\/pages\/2243","targetHints":{"allow":["GET"]}}],"collection":[{"href":"https:\/\/www.ts-law.de\/en\/wp-json\/wp\/v2\/pages"}],"about":[{"href":"https:\/\/www.ts-law.de\/en\/wp-json\/wp\/v2\/types\/page"}],"author":[{"embeddable":true,"href":"https:\/\/www.ts-law.de\/en\/wp-json\/wp\/v2\/users\/541"}],"replies":[{"embeddable":true,"href":"https:\/\/www.ts-law.de\/en\/wp-json\/wp\/v2\/comments?post=2243"}],"version-history":[{"count":0,"href":"https:\/\/www.ts-law.de\/en\/wp-json\/wp\/v2\/pages\/2243\/revisions"}],"up":[{"embeddable":true,"href":"https:\/\/www.ts-law.de\/en\/wp-json\/wp\/v2\/pages\/2188"}],"wp:attachment":[{"href":"https:\/\/www.ts-law.de\/en\/wp-json\/wp\/v2\/media?parent=2243"}],"wp:term":[{"taxonomy":"category","embeddable":true,"href":"https:\/\/www.ts-law.de\/en\/wp-json\/wp\/v2\/categories?post=2243"}],"curies":[{"name":"wp","href":"https:\/\/api.w.org\/{rel}","templated":true}]}}