{"id":2247,"date":"2021-09-28T18:05:53","date_gmt":"2021-09-28T16:05:53","guid":{"rendered":"https:\/\/www.ts-law.de\/career\/rechtsanwalt-bau-und-immobilienrecht-m-w-d\/"},"modified":"2021-09-28T18:05:53","modified_gmt":"2021-09-28T16:05:53","slug":"rechtsanwalt-bau-und-immobilienrecht-m-w-d","status":"publish","type":"page","link":"https:\/\/www.ts-law.de\/en\/career\/rechtsanwalt-bau-und-immobilienrecht-m-w-d\/","title":{"rendered":"Rechtsanwalt Bau- und Immobilienrecht (m\/w\/d)"},"content":{"rendered":"<div class=\"wpb-content-wrapper\"><p>[vc_row css_animation=&#8221;&#8221; row_type=&#8221;row&#8221; use_row_as_full_screen_section=&#8221;no&#8221; type=&#8221;grid&#8221; angled_section=&#8221;no&#8221; text_align=&#8221;left&#8221; background_image_as_pattern=&#8221;without_pattern&#8221; z_index=&#8221;&#8221; padding_bottom=&#8221;60&#8243; padding_top=&#8221;60&#8243;][vc_column][qode_elements_holder number_of_columns=&#8221;two_columns&#8221; columns_proportion=&#8221;66_33&#8243;][qode_elements_holder_item vertical_alignment=&#8221;top&#8221; horizontal_alignment=&#8221;left&#8221; advanced_animations=&#8221;no&#8221;][vc_column_text el_class=&#8221;news-kategorie-bottom&#8221;]<\/p>\n<h4>Recruitment<\/h4>\n<p>[\/vc_column_text][vc_column_text]<\/p>\n<h1 class=\"entry-title\">Rechtsanwalt Bau- und Immobilienrecht (m\/w\/d)<\/h1>\n<p>[\/vc_column_text][\/qode_elements_holder_item][qode_elements_holder_item vertical_alignment=&#8221;bottom&#8221; horizontal_alignment=&#8221;right&#8221; advanced_animations=&#8221;no&#8221; custom_class=&#8221;tsp-share-module&#8221;][vc_column_text]Share: [\/vc_column_text][vc_widget_sidebar sidebar_id=&#8221;Share Widget&#8221;][\/qode_elements_holder_item][\/qode_elements_holder][\/vc_column][\/vc_row][vc_row css_animation=&#8221;&#8221; row_type=&#8221;row&#8221; use_row_as_full_screen_section=&#8221;no&#8221; type=&#8221;full_width&#8221; angled_section=&#8221;no&#8221; text_align=&#8221;left&#8221; background_image_as_pattern=&#8221;without_pattern&#8221; z_index=&#8221;&#8221; padding_bottom=&#8221;60&#8243;][vc_column offset=&#8221;vc_col-lg-offset-3 vc_col-lg-6 vc_col-md-offset-3 vc_col-md-6&#8243;][vc_column_text]Zur Verst\u00e4rkung unserer Fachreferate Bau-, Immobilien- und Vergaberecht suchen wir qualifizierte <strong>Rechtsanw\u00e4lte \/ Rechtsanw\u00e4ltinnen<\/strong>. Teilzeitdeputate f\u00fcr Doktoranden\/Doktorandinnen sind m\u00f6glich.[\/vc_column_text][\/vc_column][\/vc_row][vc_row css_animation=&#8221;&#8221; row_type=&#8221;row&#8221; use_row_as_full_screen_section=&#8221;no&#8221; type=&#8221;full_width&#8221; angled_section=&#8221;no&#8221; text_align=&#8221;left&#8221; background_image_as_pattern=&#8221;without_pattern&#8221; z_index=&#8221;&#8221; padding_bottom=&#8221;16&#8243;][vc_column offset=&#8221;vc_col-lg-offset-3 vc_col-lg-6 vc_col-md-offset-3 vc_col-md-6&#8243;][vc_column_text]<\/p>\n<h4><strong>Perspektiven<\/strong><\/h4>\n<p>[\/vc_column_text][\/vc_column][\/vc_row][vc_row css_animation=&#8221;&#8221; row_type=&#8221;row&#8221; use_row_as_full_screen_section=&#8221;no&#8221; type=&#8221;full_width&#8221; angled_section=&#8221;no&#8221; text_align=&#8221;left&#8221; background_image_as_pattern=&#8221;without_pattern&#8221; z_index=&#8221;&#8221; padding_bottom=&#8221;60&#8243;][vc_column offset=&#8221;vc_col-lg-offset-3 vc_col-lg-6 vc_col-md-offset-3 vc_col-md-6&#8243;][vc_column_text]Wir bieten engagierten Kollegen \/ Kolleginnen hervorragende Perspektiven:<\/p>\n<p>Es erwartet Sie ein hochspezialisiertes und dynamisches Team. Sie arbeiten mit erfahrenen Fachanw\u00e4lten in spannenden Projekten auf hohem juristischem Niveau. Wir haben flache Hierarchien und grenzen uns von Gro\u00dfkanzleistrukturen deutlich ab. Wir unterst\u00fctzen Ihre fachliche Spezialisierung durch interne und externe Fortbildungen. Ihre Fachanwaltschaft, soweit noch nicht vorhanden, wird von uns angestrebt und gef\u00f6rdert. Wir bieten Ihnen eine ausgewogene work-life-balance.[\/vc_column_text][\/vc_column][\/vc_row][vc_row css_animation=&#8221;&#8221; row_type=&#8221;row&#8221; use_row_as_full_screen_section=&#8221;no&#8221; type=&#8221;full_width&#8221; angled_section=&#8221;no&#8221; text_align=&#8221;left&#8221; background_image_as_pattern=&#8221;without_pattern&#8221; z_index=&#8221;&#8221; padding_bottom=&#8221;16&#8243;][vc_column offset=&#8221;vc_col-lg-offset-3 vc_col-lg-6 vc_col-md-offset-3 vc_col-md-6&#8243;][vc_column_text]<\/p>\n<h4><strong>Karriereweg<\/strong><\/h4>\n<p>[\/vc_column_text][\/vc_column][\/vc_row][vc_row css_animation=&#8221;&#8221; row_type=&#8221;row&#8221; use_row_as_full_screen_section=&#8221;no&#8221; type=&#8221;full_width&#8221; angled_section=&#8221;no&#8221; text_align=&#8221;left&#8221; background_image_as_pattern=&#8221;without_pattern&#8221; z_index=&#8221;&#8221; padding_bottom=&#8221;60&#8243;][vc_column offset=&#8221;vc_col-lg-offset-3 vc_col-lg-6 vc_col-md-offset-3 vc_col-md-6&#8243;][vc_column_text]Ihr Karriereweg bei TSP ist transparent.<\/p>\n<p>Sie beginnen als Associate. W\u00e4hrend dieser Zeit liegt der Fokus auf Ihrer fachlichen Ausbildung. Sie arbeiten eng mit erfahrenen Partnern und Fachanw\u00e4lten zusammen. Sie haben unmittelbaren Mandantenkontakt und direktes Feedback auf Ihre Arbeit. Nach drei Jahren werden Sie Senior Associate. Sp\u00e4testens ab dann betreuen Sie Ihre Mandate eigenverantwortlich und haben Personalverantwortung. Nach f\u00fcnf Jahren ist Ihre Ernennung als Partner und Ihre Aufnahme in die Partnerschaftsgesellschaft beabsichtigt. Statt der Partnerschaft kann der Senior Associate auch den Counsel-Status w\u00e4hlen und damit weiterhin als angestellter Anwalt in exponierter Position mit Leitungsfunktionen t\u00e4tig sein.[\/vc_column_text][\/vc_column][\/vc_row][vc_row css_animation=&#8221;&#8221; row_type=&#8221;row&#8221; use_row_as_full_screen_section=&#8221;no&#8221; type=&#8221;full_width&#8221; angled_section=&#8221;no&#8221; text_align=&#8221;left&#8221; background_image_as_pattern=&#8221;without_pattern&#8221; z_index=&#8221;&#8221; padding_bottom=&#8221;16&#8243;][vc_column offset=&#8221;vc_col-lg-offset-3 vc_col-lg-6 vc_col-md-offset-3 vc_col-md-6&#8243;][vc_column_text]<\/p>\n<h4><strong>Fortbildung und fachliche Spezialisierung<\/strong><\/h4>\n<p>[\/vc_column_text][\/vc_column][\/vc_row][vc_row css_animation=&#8221;&#8221; row_type=&#8221;row&#8221; use_row_as_full_screen_section=&#8221;no&#8221; type=&#8221;full_width&#8221; angled_section=&#8221;no&#8221; text_align=&#8221;left&#8221; background_image_as_pattern=&#8221;without_pattern&#8221; z_index=&#8221;&#8221; padding_bottom=&#8221;60&#8243;][vc_column offset=&#8221;vc_col-lg-offset-3 vc_col-lg-6 vc_col-md-offset-3 vc_col-md-6&#8243;][vc_column_text]Ihre Fortbildung und fachliche Spezialisierung ist uns wichtig.<\/p>\n<p>Diese erfolgt im Rahmen von internen und externen Schulungen sowie im Rahmen der von uns zahlreich veranstalteten Fachseminare. Bei diesen Fachseminaren geben unsere Anw\u00e4lte ihre Erfahrungen nicht nur an Mandanten, sondern auch an unsere j\u00fcngeren Anw\u00e4lte weiter. Sprachkurse, EDV-Schulungen, Zeitmanagement-Trainings, etc., werden von uns bei Bedarf gef\u00f6rdert. Sofern Sie noch keinen Fachanwaltstitel besitzen, k\u00f6nnen und sollen Sie diesen m\u00f6glichst erwerben. Auch hierbei werden Sie von uns nachhaltig unterst\u00fctzt.[\/vc_column_text][\/vc_column][\/vc_row][vc_row css_animation=&#8221;&#8221; row_type=&#8221;row&#8221; use_row_as_full_screen_section=&#8221;no&#8221; type=&#8221;full_width&#8221; angled_section=&#8221;no&#8221; text_align=&#8221;left&#8221; background_image_as_pattern=&#8221;without_pattern&#8221;][vc_column]<div class=\"templatera_shortcode\"><div      class=\"vc_row wpb_row section vc_row-fluid \" style='background-color:#002458; padding-top:60px; padding-bottom:60px; text-align:center;'><div class=\" full_section_inner clearfix\"><div class=\"wpb_column vc_column_container vc_col-sm-12 vc_col-lg-offset-3 vc_col-lg-6 vc_col-md-offset-3 vc_col-md-6\"><div class=\"vc_column-inner\"><div class=\"wpb_wrapper\">\n\t<div class=\"wpb_text_column wpb_content_element \">\n\t\t<div class=\"wpb_wrapper\">\n\t\t\t<h3><span style=\"color: #ffffff;\">Bewerbung<\/span><\/h3>\n\n\t\t<\/div>\n\t<\/div><div class=\"vc_empty_space\"  style=\"height: 20px\" >\n\t<span class=\"vc_empty_space_inner\">\n\t\t<span class=\"empty_space_image\"  ><\/span>\n\t<\/span>\n<\/div>\n\t<div class=\"wpb_text_column wpb_content_element \">\n\t\t<div class=\"wpb_wrapper\">\n\t\t\t<p><span style=\"color: #ffffff;\">Werden Sie Mitglied unseres erfolgreichen Teams!<\/span><\/p>\n\n\t\t<\/div>\n\t<\/div><div class=\"vc_empty_space\"  style=\"height: 60px\" >\n\t<span class=\"vc_empty_space_inner\">\n\t\t<span class=\"empty_space_image\"  ><\/span>\n\t<\/span>\n<\/div><a  itemprop=\"url\" href=\"mailto:karriere@ts-law.de\" target=\"_self\"  class=\"qbutton  white default\" style=\"\">Jetzt bewerben<\/a><\/div><\/div><\/div><\/div><\/div><\/div>[\/vc_column][\/vc_row]<\/p>\n<\/div>","protected":false},"excerpt":{"rendered":"Recruitment Rechtsanwalt Bau- und Immobilienrecht (m\/w\/d) Share: Zur Verst\u00e4rkung unserer Fachreferate Bau-, Immobilien- und Vergaberecht suchen wir qualifizierte Rechtsanw\u00e4lte \/ Rechtsanw\u00e4ltinnen. Teilzeitdeputate f\u00fcr Doktoranden\/Doktorandinnen sind m\u00f6glich. Perspektiven Wir bieten engagierten Kollegen \/ Kolleginnen hervorragende Perspektiven: Es erwartet Sie ein hochspezialisiertes und dynamisches Team. Sie arbeiten...","protected":false},"author":541,"featured_media":0,"parent":2194,"menu_order":60,"comment_status":"closed","ping_status":"closed","template":"full_width.php","meta":{"_acf_changed":false,"footnotes":""},"categories":[78],"class_list":["post-2247","page","type-page","status-publish","hentry","category-karriere-en"],"acf":[],"_links":{"self":[{"href":"https:\/\/www.ts-law.de\/en\/wp-json\/wp\/v2\/pages\/2247","targetHints":{"allow":["GET"]}}],"collection":[{"href":"https:\/\/www.ts-law.de\/en\/wp-json\/wp\/v2\/pages"}],"about":[{"href":"https:\/\/www.ts-law.de\/en\/wp-json\/wp\/v2\/types\/page"}],"author":[{"embeddable":true,"href":"https:\/\/www.ts-law.de\/en\/wp-json\/wp\/v2\/users\/541"}],"replies":[{"embeddable":true,"href":"https:\/\/www.ts-law.de\/en\/wp-json\/wp\/v2\/comments?post=2247"}],"version-history":[{"count":0,"href":"https:\/\/www.ts-law.de\/en\/wp-json\/wp\/v2\/pages\/2247\/revisions"}],"up":[{"embeddable":true,"href":"https:\/\/www.ts-law.de\/en\/wp-json\/wp\/v2\/pages\/2194"}],"wp:attachment":[{"href":"https:\/\/www.ts-law.de\/en\/wp-json\/wp\/v2\/media?parent=2247"}],"wp:term":[{"taxonomy":"category","embeddable":true,"href":"https:\/\/www.ts-law.de\/en\/wp-json\/wp\/v2\/categories?post=2247"}],"curies":[{"name":"wp","href":"https:\/\/api.w.org\/{rel}","templated":true}]}}